{"id":252,"date":"2017-01-26T09:17:23","date_gmt":"2017-01-26T09:17:23","guid":{"rendered":"http:\/\/splash.stylemixthemes.com\/?page_id=252"},"modified":"2025-09-23T13:51:10","modified_gmt":"2025-09-23T16:51:10","slug":"contacto","status":"publish","type":"page","link":"https:\/\/www.sacachispas.uy\/sacachispas\/contacto\/","title":{"rendered":"Contacto"},"content":{"rendered":"<div class=\"wpb-content-wrapper\"><p>[vc_row full_width=&#8221;stretch_row_content_no_spaces&#8221; parallax=&#8221;content-moving&#8221; min_height=&#8221;250&#8243;][vc_column][vc_goo_maps location=&#8221;JWRW+P9G, 80300 Ecilda Paullier, Departamento de San Jos\u00e9&#8221; height=&#8221;350&#8243; zoom=&#8221;15&#8243; css=&#8221;&#8221;][stm_gmap_with_info_blocks map_width=&#8221;0%&#8221; map_height=&#8221;320px&#8221; map_zoom=&#8221;18&#8243;][stm_gmap_info_block info_blocks=&#8221;%5B%7B%22is_link%22%3A%22enable%22%2C%22info_content%22%3A%22%C2%A1Te%20invitamos%20a%20apoyar%20a%20nuestro%20equipo%20con%20tu%20presencia%20en%20cada%20partido!%20%5CnVen%20a%20disfrutar%20de%20la%20emoci%C3%B3n%20del%20deporte%20y%20a%20alentar%20a%20nuestros%20jugadores%20en%20el%20Campo%20Deportivo%20Rub%C3%A9n%20Elvira.%22%7D%2C%7B%22is_link%22%3A%22enable%22%2C%22info_icon%22%3A%22icon-ico_pin%22%2C%22info_content%22%3A%22JWRW%2BVJM%2C%2080300%20Ecilda%20Paullier%2C%20Departamento%20de%20San%20Jos%C3%A9%22%7D%2C%7B%22is_link%22%3A%22enable%22%2C%22info_icon%22%3A%22fa%20fa-regular%20fa-envelope-open%22%2C%22info_content%22%3A%22soporte%40sacachispas.uy%22%7D%5D&#8221; block_title=&#8221;Nuestra Sede&#8221;][stm_gmap_info_block info_blocks=&#8221;%5B%7B%22is_link%22%3A%22enable%22%2C%22info_content%22%3A%22Para%20consultas%20sobre%20actividades%20deportivas%20o%20para%20reservar%20el%20alquiler%20de%20nuestro%20sal%C3%B3n%2C%20por%20favor%20comun%C3%ADquese%20con%20nosotros%20a%20trav%C3%A9s%20de%20los%20siguientes%20medios%3A%22%7D%2C%7B%22is_link%22%3A%22enable%22%2C%22info_icon%22%3A%22fa%20fa-solid%20fa-phone%22%2C%22info_content%22%3A%22091%20724%20771%22%7D%2C%7B%22info_icon%22%3A%22fa%20fa-regular%20fa-clock%22%2C%22info_content%22%3A%22En%20horario%20de%2010%3A00%20AM%20a%202%3A00%20PM%20y%20de%204%3A00%20PM%20a%206%3A00%20PM.%22%7D%5D&#8221; block_title=&#8221;Directiva&#8221;][stm_gmap_info_block info_blocks=&#8221;%5B%7B%22is_link%22%3A%22enable%22%2C%22info_content%22%3A%22Si%20est%C3%A1s%20interesado%20en%20apoyar%20a%20nuestro%20club%20deportivo%20a%20trav%C3%A9s%20de%20patrocinio%20o%20alianzas%20estrat%C3%A9gicas%2C%20nos%20encantar%C3%ADa%20conversar%20contigo.%22%7D%2C%7B%22is_link%22%3A%22enable%22%2C%22info_icon%22%3A%22fa%20fa-solid%20fa-phone%22%2C%22info_content%22%3A%22099%20655%20317%22%7D%2C%7B%22is_link%22%3A%22enable%22%2C%22info_icon%22%3A%22fa%20fa-solid%20fa-envelope-open%22%2C%22info_content%22%3A%22yanelaernst%40gmail.com%22%7D%2C%7B%22info_icon%22%3A%22icon-ico_clock%22%2C%22info_content%22%3A%22En%20horario%20de%20Oficina%20de%2010%3A00%20AM%20a%202%3A00%20PM%20y%20de%204%3A00%20PM%20a%206%3A00%20PM%22%7D%5D&#8221; block_title=&#8221;Patrocina Nuestro Club&#8221;][\/stm_gmap_with_info_blocks][\/vc_column][\/vc_row][vc_row full_width=&#8221;stretch_row&#8221; css=&#8221;.vc_custom_1758645666895{background-image: url(https:\/\/www.sacachispas.uy\/sacachispas\/wp-content\/uploads\/2025\/06\/WhatsApp-Image-2025-06-13-at-12.59.42.jpeg?id=1920) !important;}&#8221;][vc_column css=&#8221;.vc_custom_1486449026811{padding-top: 50px !important;padding-bottom: 58px !important;}&#8221;][vc_column_text css=&#8221;.vc_custom_1758645834076{margin-bottom: 10px !important;}&#8221;]<\/p>\n<h2><strong><span style=\"color: #ff6600;\">FORMULARIO <span style=\"color: #000000;\">DE CONTACTO<\/span><\/span><\/strong><\/h2>\n<p>[\/vc_column_text][vc_row_inner][vc_column_inner width=&#8221;3\/12&#8243;][vc_column_text css=&#8221;&#8221;]<span style=\"color: #000000;\"><strong>\u00bfTienes alguna pregunta sobre nuestro club o nuestros servicios? Env\u00edanos un correo electr\u00f3nico y nos pondremos en contacto contigo en breve o ll\u00e1manos de lunes a viernes de 8:00 a 18:00. Estaremos encantados de hablar contigo.<\/strong><\/span><\/p>\n<p><span style=\"color: #000000;\"><strong>Tus datos se mantienen estrictamente confidenciales seg\u00fan nuestra Pol\u00edtica de Privacidad.<\/strong><\/span>[\/vc_column_text][\/vc_column_inner][vc_column_inner width=&#8221;9\/12&#8243; css=&#8221;.vc_custom_1486446553271{padding-top: 7px !important;}&#8221;]\n<div class=\"wpcf7 no-js\" id=\"wpcf7-f484-o1\" lang=\"en-US\" dir=\"ltr\" data-wpcf7-id=\"484\">\n<div class=\"screen-reader-response\"><p role=\"status\" aria-live=\"polite\" aria-atomic=\"true\"><\/p> <ul><\/ul><\/div>\n<form action=\"\/sacachispas\/wp-json\/wp\/v2\/pages\/252#wpcf7-f484-o1\" method=\"post\" class=\"wpcf7-form init\" aria-label=\"Contact form\" novalidate=\"novalidate\" data-status=\"init\">\n<fieldset class=\"hidden-fields-container\"><input type=\"hidden\" name=\"_wpcf7\" value=\"484\" \/><input type=\"hidden\" name=\"_wpcf7_version\" value=\"6.1.4\" \/><input type=\"hidden\" name=\"_wpcf7_locale\" value=\"en_US\" \/><input type=\"hidden\" name=\"_wpcf7_unit_tag\" value=\"wpcf7-f484-o1\" \/><input type=\"hidden\" name=\"_wpcf7_container_post\" value=\"0\" \/><input type=\"hidden\" name=\"_wpcf7_posted_data_hash\" value=\"\" \/>\n<\/fieldset>\n<p><br \/>\n<span class=\"wpcf7-form-control-wrap\" data-name=\"your-message\"><textarea cols=\"40\" rows=\"10\" maxlength=\"2000\" class=\"wpcf7-form-control wpcf7-textarea wpcf7-validates-as-required\" aria-required=\"true\" aria-invalid=\"false\" placeholder=\"Mensaje*\" name=\"your-message\"><\/textarea><\/span>\n<\/p>\n<p><br \/>\n<span class=\"wpcf7-form-control-wrap\" data-name=\"your-name\"><input size=\"40\" maxlength=\"400\" class=\"wpcf7-form-control wpcf7-text wpcf7-validates-as-required\" aria-required=\"true\" aria-invalid=\"false\" placeholder=\"Nombre completo*\" value=\"\" type=\"text\" name=\"your-name\" \/><\/span><br \/>\n<span class=\"wpcf7-form-control-wrap\" data-name=\"your-email\"><input size=\"40\" maxlength=\"400\" class=\"wpcf7-form-control wpcf7-email wpcf7-validates-as-required wpcf7-text wpcf7-validates-as-email\" aria-required=\"true\" aria-invalid=\"false\" placeholder=\"Email\" value=\"\" type=\"email\" name=\"your-email\" \/><\/span><br \/>\n<span class=\"wpcf7-form-control-wrap\" data-name=\"your-website\"><input size=\"40\" maxlength=\"400\" class=\"wpcf7-form-control wpcf7-text\" aria-invalid=\"false\" placeholder=\"Empresa\/Web\" value=\"\" type=\"text\" name=\"your-website\" \/><\/span>\n<\/p>\n<div class=\"button btn-md btn-border\">\n\t<p><input class=\"wpcf7-form-control wpcf7-submit has-spinner\" type=\"submit\" value=\"Enviar\" \/>\n\t<\/p>\n<\/div>\n<div class=\"wpcf7-response-output\" aria-hidden=\"true\"><\/div>\n<\/form>\n<\/div>\n[\/vc_column_inner][\/vc_row_inner][\/vc_column][\/vc_row]<\/p>\n<\/div>","protected":false},"excerpt":{"rendered":"<p>[vc_row full_width=&#8221;stretch_row_content_no_spaces&#8221; parallax=&#8221;content-moving&#8221; min_height=&#8221;250&#8243;][vc_column][vc_goo_maps location=&#8221;JWRW+P9G, 80300 Ecilda Paullier, Departamento de San Jos\u00e9&#8221; height=&#8221;350&#8243; zoom=&#8221;15&#8243; css=&#8221;&#8221;][stm_gmap_with_info_blocks map_width=&#8221;0%&#8221; map_height=&#8221;320px&#8221; map_zoom=&#8221;18&#8243;][stm_gmap_info_block info_blocks=&#8221;%5B%7B%22is_link%22%3A%22enable%22%2C%22info_content%22%3A%22%C2%A1Te%20invitamos%20a%20apoyar%20a%20nuestro%20equipo%20con%20tu%20presencia%20en%20cada%20partido!%20%5CnVen%20a%20disfrutar%20de%20la%20emoci%C3%B3n%20del%20deporte%20y%20a%20alentar%20a%20nuestros%20jugadores%20en%20el%20Campo%20Deportivo%20Rub%C3%A9n%20Elvira.%22%7D%2C%7B%22is_link%22%3A%22enable%22%2C%22info_icon%22%3A%22icon-ico_pin%22%2C%22info_content%22%3A%22JWRW%2BVJM%2C%2080300%20Ecilda%20Paullier%2C%20Departamento%20de%20San%20Jos%C3%A9%22%7D%2C%7B%22is_link%22%3A%22enable%22%2C%22info_icon%22%3A%22fa%20fa-regular%20fa-envelope-open%22%2C%22info_content%22%3A%22soporte%40sacachispas.uy%22%7D%5D&#8221; block_title=&#8221;Nuestra Sede&#8221;][stm_gmap_info_block info_blocks=&#8221;%5B%7B%22is_link%22%3A%22enable%22%2C%22info_content%22%3A%22Para%20consultas%20sobre%20actividades%20deportivas%20o%20para%20reservar%20el%20alquiler%20de%20nuestro%20sal%C3%B3n%2C%20por%20favor%20comun%C3%ADquese%20con%20nosotros%20a%20trav%C3%A9s%20de%20los%20siguientes%20medios%3A%22%7D%2C%7B%22is_link%22%3A%22enable%22%2C%22info_icon%22%3A%22fa%20fa-solid%20fa-phone%22%2C%22info_content%22%3A%22091%20724%20771%22%7D%2C%7B%22info_icon%22%3A%22fa%20fa-regular%20fa-clock%22%2C%22info_content%22%3A%22En%20horario%20de%2010%3A00%20AM%20a%202%3A00%20PM%20y%20de%204%3A00%20PM%20a%206%3A00%20PM.%22%7D%5D&#8221; block_title=&#8221;Directiva&#8221;][stm_gmap_info_block info_blocks=&#8221;%5B%7B%22is_link%22%3A%22enable%22%2C%22info_content%22%3A%22Si%20est%C3%A1s%20interesado%20en%20apoyar%20a%20nuestro%20club%20deportivo%20a%20trav%C3%A9s%20de%20patrocinio%20o%20alianzas%20estrat%C3%A9gicas%2C%20nos%20encantar%C3%ADa%20conversar%20contigo.%22%7D%2C%7B%22is_link%22%3A%22enable%22%2C%22info_icon%22%3A%22fa%20fa-solid%20fa-phone%22%2C%22info_content%22%3A%22099%20655%20317%22%7D%2C%7B%22is_link%22%3A%22enable%22%2C%22info_icon%22%3A%22fa%20fa-solid%20fa-envelope-open%22%2C%22info_content%22%3A%22yanelaernst%40gmail.com%22%7D%2C%7B%22info_icon%22%3A%22icon-ico_clock%22%2C%22info_content%22%3A%22En%20horario%20de%20Oficina%20de%2010%3A00%20AM%20a%202%3A00%20PM%20y%20de%204%3A00%20PM%20a%206%3A00%20PM%22%7D%5D&#8221; block_title=&#8221;Patrocina Nuestro Club&#8221;][\/stm_gmap_with_info_blocks][\/vc_column][\/vc_row][vc_row full_width=&#8221;stretch_row&#8221; css=&#8221;.vc_custom_1758645666895{background-image: url(https:\/\/www.sacachispas.uy\/sacachispas\/wp-content\/uploads\/2025\/06\/WhatsApp-Image-2025-06-13-at-12.59.42.jpeg?id=1920) !important;}&#8221;][vc_column css=&#8221;.vc_custom_1486449026811{padding-top: 50px !important;padding-bottom: 58px !important;}&#8221;][vc_column_text css=&#8221;.vc_custom_1758645834076{margin-bottom: 10px !important;}&#8221;] FORMULARIO DE CONTACTO [\/vc_column_text][vc_row_inner][vc_column_inner width=&#8221;3\/12&#8243;][vc_column_text css=&#8221;&#8221;]\u00bfTienes alguna pregunta sobre nuestro club o nuestros servicios? Env\u00edanos un&#8230;<\/p>\n","protected":false},"author":1,"featured_media":0,"parent":0,"menu_order":0,"comment_status":"closed","ping_status":"closed","template":"","meta":{"footnotes":""},"class_list":["post-252","page","type-page","status-publish","hentry"],"_links":{"self":[{"href":"https:\/\/www.sacachispas.uy\/sacachispas\/wp-json\/wp\/v2\/pages\/252","targetHints":{"allow":["GET"]}}],"collection":[{"href":"https:\/\/www.sacachispas.uy\/sacachispas\/wp-json\/wp\/v2\/pages"}],"about":[{"href":"https:\/\/www.sacachispas.uy\/sacachispas\/wp-json\/wp\/v2\/types\/page"}],"author":[{"embeddable":true,"href":"https:\/\/www.sacachispas.uy\/sacachispas\/wp-json\/wp\/v2\/users\/1"}],"replies":[{"embeddable":true,"href":"https:\/\/www.sacachispas.uy\/sacachispas\/wp-json\/wp\/v2\/comments?post=252"}],"version-history":[{"count":12,"href":"https:\/\/www.sacachispas.uy\/sacachispas\/wp-json\/wp\/v2\/pages\/252\/revisions"}],"predecessor-version":[{"id":2329,"href":"https:\/\/www.sacachispas.uy\/sacachispas\/wp-json\/wp\/v2\/pages\/252\/revisions\/2329"}],"wp:attachment":[{"href":"https:\/\/www.sacachispas.uy\/sacachispas\/wp-json\/wp\/v2\/media?parent=252"}],"curies":[{"name":"wp","href":"https:\/\/api.w.org\/{rel}","templated":true}]}}