{"id":807,"date":"2025-06-12T10:31:02","date_gmt":"2025-06-12T13:31:02","guid":{"rendered":"http:\/\/splash.stylemixthemes.com\/?page_id=2"},"modified":"2025-11-27T17:41:19","modified_gmt":"2025-11-27T20:41:19","slug":"portada","status":"publish","type":"page","link":"https:\/\/www.sacachispas.uy\/sacachispas\/","title":{"rendered":"Portada"},"content":{"rendered":"<div class=\"wpb-content-wrapper\"><p>[vc_row css=&#8221;.vc_custom_1484739007418{margin-top: 0px !important;margin-bottom: 0px !important;padding-top: 0px !important;padding-bottom: 0px !important;}&#8221;][vc_column css=&#8221;.vc_custom_1484806228283{margin-top: 0px !important;margin-bottom: 0px !important;padding-top: 0px !important;padding-bottom: 0px !important;}&#8221;][rev_slider_vc alias=&#8221;home_slider&#8221; el_class=&#8221;stm-no-margin&#8221;][\/vc_column][\/vc_row][vc_row full_width=&#8221;stretch_row_content_no_spaces&#8221; content_placement=&#8221;middle&#8221;][vc_column][stm_posts_ticker show_post_date=&#8221;enable&#8221; show_ticker_title=&#8221;enable&#8221; ticker_title_position=&#8221;right&#8221; ticker_auto_play_speed=&#8221;10000&#8243; ticker_animate_speed=&#8221;700&#8243; total_posts=&#8221;5&#8243; date_format=&#8221;F d, Y&#8221; ticker_title_color=&#8221;#ffffff&#8221; ticker_title_text=&#8221;CLUB: NOVEDADES&#8221; ticker_bg_color=&#8221;#151618&#8243; ticker_icon=&#8221;icon-soccer_ico_ticker_post&#8221; ticker_first_word_color=&#8221;#DD9933&#8243;][\/vc_column][\/vc_row][vc_row content_placement=&#8221;middle&#8221;][vc_column css=&#8221;.vc_custom_1485433396470{padding-top: 70px !important;padding-bottom: 50px !important;}&#8221;][stm_af_latest_result pick_team=&#8221;1737&#8243; block_style=&#8221;soccer_style&#8221; title=&#8221;PR\u00d3XIMOS PARTIDOS&#8221;][\/vc_column][\/vc_row][vc_row full_width=&#8221;stretch_row&#8221; parallax=&#8221;content-moving&#8221; parallax_image=&#8221;1920&#8243; css=&#8221;.vc_custom_1758839227767{padding-top: 45px !important;padding-bottom: 40px !important;background-image: url(https:\/\/www.sacachispas.uy\/sacachispas\/wp-content\/uploads\/2025\/06\/WhatsApp-Image-2025-06-13-at-12.59.42.jpeg?id=1920) !important;}&#8221;][vc_column width=&#8221;1\/2&#8243;][vc_column_text css=&#8221;&#8221;]<\/p>\n<h2 style=\"text-align: center;\"><span style=\"color: #ff6600;\">Juntos<\/span> somos imparables<\/h2>\n<p>[\/vc_column_text][vc_column_text css_animation=&#8221;fadeInUp&#8221; css=&#8221;.vc_custom_1758833761840{padding-top: 30px !important;padding-right: 30px !important;padding-bottom: 30px !important;padding-left: 30px !important;background-color: #FFFFFF99 !important;border-radius: 10px !important;}&#8221;]<\/p>\n<h4 style=\"text-align: center;\">Estamos construyendo algo grande, y eso se debe a la entrega de cada integrante del equipo y nuestra gente. La fortaleza est\u00e1 en la unidad y la pasi\u00f3n que ponemos en cada entrenamiento y partido. El pr\u00f3ximo desaf\u00edo est\u00e1 cerca, y con la misma garra de siempre lo vamos a enfrentar. Conf\u00edo en ustedes y en lo que podemos lograr juntos.<\/h4>\n<h4 style=\"text-align: center;\"><strong>\u00a1Arriba equipo, a dejarlo todo!<\/strong><\/h4>\n<p>[\/vc_column_text][\/vc_column][vc_column width=&#8221;1\/2&#8243;][vc_column_text css=&#8221;&#8221;]<\/p>\n<h2><strong><span style=\"color: #ff6600;\">Tabla de Posiciones<\/span> Copa de Plata<\/strong><\/h2>\n<p>[\/vc_column_text][vc_tta_tabs active_section=&#8221;1&#8243; css=&#8221;.vc_custom_1485436809709{padding-top: 0px !important;}&#8221; el_class=&#8221;stm-soccer-tabs&#8221;][vc_tta_section title=&#8221;Clausura Primera Divisi\u00f3n&#8221; tab_id=&#8221;1755739649220-b8fef177-bab0&#8243;][stm_league_table id=&#8221;2082&#8243; table_style=&#8221;style_two&#8221; count=&#8221;7&#8243;][\/vc_tta_section][vc_tta_section title=&#8221;Clausura Tercera Divisi\u00f3n&#8221; tab_id=&#8221;1758053032013-10e70c63-a031&#8243;][stm_league_table id=&#8221;2085&#8243; table_style=&#8221;style_two&#8221; count=&#8221;7&#8243;][\/vc_tta_section][\/vc_tta_tabs][\/vc_column][\/vc_row][vc_row full_width=&#8221;stretch_row&#8221; css=&#8221;.vc_custom_1485752728237{padding-top: 40px !important;padding-bottom: 19px !important;background-color: #ededed !important;}&#8221;][vc_column][stm_products_carousel title=&#8221;TOP PRODUCTS&#8221; visible_items=&#8221;5&#8243; stretch_row=&#8221;disable&#8221; number=&#8221;10&#8243;][\/vc_column][\/vc_row][vc_row][vc_column css=&#8221;.vc_custom_1485753806914{padding-top: 71px !important;padding-bottom: 50px !important;}&#8221;][stm_news_tabs title=&#8221;\u00daLTIMAS NOVEDADES&#8221; number=&#8221;4&#8243; post_categories=&#8221;todo, mayores, formativas, el-club&#8221;][\/vc_column][\/vc_row][vc_row full_width=&#8221;stretch_row&#8221; parallax=&#8221;content-moving&#8221; parallax_image=&#8221;2420&#8243; css=&#8221;.vc_custom_1759524126189{padding-bottom: 25px !important;background-image: url(http:\/\/splash.stylemixthemes.com\/wp-content\/uploads\/2016\/06\/placeholder.gif?id=721) !important;}&#8221;][vc_column css=&#8221;.vc_custom_1485340009656{padding-top: 75px !important;}&#8221;][stm_popular_video title=&#8221;Videos Populares&#8221; video_item=&#8221;%5B%7B%22video_title%22%3A%22Compacto%20-%20Rampla%20Juniors%20Vs%20Sacachispas%22%2C%22video_sub_title%22%3A%22Video%204%22%2C%22video_img%22%3A%222614%22%2C%22video_embed_url%22%3A%22https%3A%2F%2Fwww.youtube.com%2Fembed%2FimIRibJIPUU%3Fsi%3DcstZkOBRbvMQclI8%22%7D%2C%7B%22video_title%22%3A%22Compacto%20-%20Ciudad%20del%20Plata%20Vs%20Sacachispas%22%2C%22video_sub_title%22%3A%22Video%203%22%2C%22video_img%22%3A%222613%22%2C%22video_embed_url%22%3A%22https%3A%2F%2Fwww.youtube.com%2Fembed%2FYSmiayUINH4%3Fsi%3DkG0Wh9NYomW4a6yZ%22%7D%2C%7B%22video_title%22%3A%22Compacto%20-%20Hurac%C3%A1n%20Vs%20Sacachispas%22%2C%22video_sub_title%22%3A%22Video%202%22%2C%22video_img%22%3A%222537%22%2C%22video_embed_url%22%3A%22https%3A%2F%2Fwww.youtube.com%2Fembed%2F_InA0ZwpuWw%3Fsi%3DI2V2STOH2E0Urqb-%22%7D%2C%7B%22video_title%22%3A%22Nuevo%20Sal%C3%B3n%20de%20Eventos%3A%20Un%20Recorrido%20por%20Nuestras%20Obras%22%2C%22video_sub_title%22%3A%22Video%201%22%2C%22video_img%22%3A%222535%22%2C%22video_embed_url%22%3A%22https%3A%2F%2Fwww.tronko.com.uy%2Fwp-content%2Fuploads%2F2025%2F10%2FPresentacion_Obras_Final.mp4%22%7D%5D&#8221;][\/vc_column][\/vc_row][vc_row][vc_column css=&#8221;.vc_custom_1485756555361{padding-top: 77px !important;padding-bottom: 20px !important;}&#8221;][stm_trophies title=&#8221;LOGROS&#8221;][stm_trophy image=&#8221;2621&#8243; title=&#8221;2025 BICAMPEONATO INVICTO&#8221;][stm_trophy image=&#8221;2620&#8243; title=&#8221;2025 COPA DE PLATA&#8221;][stm_trophy image=&#8221;2619&#8243; title=&#8221;2024 COPA DE PLATA&#8221;][stm_trophy image=&#8221;2617&#8243; title=&#8221;2024 CLASICOS&#8221;][stm_trophy image=&#8221;2616&#8243; title=&#8221;2024 CLASICO PRIMERA&#8221;][\/stm_trophies][\/vc_column][\/vc_row][vc_row full_width=&#8221;stretch_row&#8221; parallax=&#8221;content-moving&#8221; parallax_image=&#8221;2407&#8243; css=&#8221;.vc_custom_1759424253586{padding-top: 40px !important;padding-bottom: 80px !important;background-image: url(http:\/\/splash.stylemixthemes.com\/wp-content\/uploads\/2016\/06\/placeholder.gif?id=199) !important;}&#8221;][vc_column][stm_players_carousel title=&#8221;Jugadores&#8221; player_list=&#8221;73&#8243; per_row=&#8221;4&#8243;][\/vc_column][\/vc_row]<\/p>\n<\/div>","protected":false},"excerpt":{"rendered":"<p>[vc_row css=&#8221;.vc_custom_1484739007418{margin-top: 0px !important;margin-bottom: 0px !important;padding-top: 0px !important;padding-bottom: 0px !important;}&#8221;][vc_column css=&#8221;.vc_custom_1484806228283{margin-top: 0px !important;margin-bottom: 0px !important;padding-top: 0px !important;padding-bottom: 0px !important;}&#8221;][rev_slider_vc alias=&#8221;home_slider&#8221; el_class=&#8221;stm-no-margin&#8221;][\/vc_column][\/vc_row][vc_row full_width=&#8221;stretch_row_content_no_spaces&#8221; content_placement=&#8221;middle&#8221;][vc_column][stm_posts_ticker show_post_date=&#8221;enable&#8221; show_ticker_title=&#8221;enable&#8221; ticker_title_position=&#8221;right&#8221; ticker_auto_play_speed=&#8221;10000&#8243; ticker_animate_speed=&#8221;700&#8243; total_posts=&#8221;5&#8243; date_format=&#8221;F d, Y&#8221; ticker_title_color=&#8221;#ffffff&#8221; ticker_title_text=&#8221;CLUB: NOVEDADES&#8221; ticker_bg_color=&#8221;#151618&#8243; ticker_icon=&#8221;icon-soccer_ico_ticker_post&#8221; ticker_first_word_color=&#8221;#DD9933&#8243;][\/vc_column][\/vc_row][vc_row content_placement=&#8221;middle&#8221;][vc_column css=&#8221;.vc_custom_1485433396470{padding-top: 70px !important;padding-bottom: 50px !important;}&#8221;][stm_af_latest_result pick_team=&#8221;1737&#8243; block_style=&#8221;soccer_style&#8221; title=&#8221;PR\u00d3XIMOS PARTIDOS&#8221;][\/vc_column][\/vc_row][vc_row full_width=&#8221;stretch_row&#8221; parallax=&#8221;content-moving&#8221; parallax_image=&#8221;1920&#8243; css=&#8221;.vc_custom_1758839227767{padding-top: 45px !important;padding-bottom: 40px&#8230;<\/p>\n","protected":false},"author":1,"featured_media":0,"parent":0,"menu_order":0,"comment_status":"closed","ping_status":"closed","template":"","meta":{"footnotes":""},"class_list":["post-807","page","type-page","status-publish","hentry"],"_links":{"self":[{"href":"https:\/\/www.sacachispas.uy\/sacachispas\/wp-json\/wp\/v2\/pages\/807","targetHints":{"allow":["GET"]}}],"collection":[{"href":"https:\/\/www.sacachispas.uy\/sacachispas\/wp-json\/wp\/v2\/pages"}],"about":[{"href":"https:\/\/www.sacachispas.uy\/sacachispas\/wp-json\/wp\/v2\/types\/page"}],"author":[{"embeddable":true,"href":"https:\/\/www.sacachispas.uy\/sacachispas\/wp-json\/wp\/v2\/users\/1"}],"replies":[{"embeddable":true,"href":"https:\/\/www.sacachispas.uy\/sacachispas\/wp-json\/wp\/v2\/comments?post=807"}],"version-history":[{"count":60,"href":"https:\/\/www.sacachispas.uy\/sacachispas\/wp-json\/wp\/v2\/pages\/807\/revisions"}],"predecessor-version":[{"id":2622,"href":"https:\/\/www.sacachispas.uy\/sacachispas\/wp-json\/wp\/v2\/pages\/807\/revisions\/2622"}],"wp:attachment":[{"href":"https:\/\/www.sacachispas.uy\/sacachispas\/wp-json\/wp\/v2\/media?parent=807"}],"curies":[{"name":"wp","href":"https:\/\/api.w.org\/{rel}","templated":true}]}}